{"id":43,"date":"2017-02-16T09:17:00","date_gmt":"2017-02-16T08:17:00","guid":{"rendered":"http:\/\/mxajfmgl.preview.infomaniak.website\/?page_id=43"},"modified":"2025-08-20T09:39:58","modified_gmt":"2025-08-20T07:39:58","slug":"realisations","status":"publish","type":"page","link":"https:\/\/www.ct-tech.ch\/en_us\/realisations\/","title":{"rendered":"Implementations"},"content":{"rendered":"<p>[et_pb_section fb_built=\u00a0\u00bb1&Prime; admin_label=\u00a0\u00bbBanni\u00e8re\u00a0\u00bb _builder_version=\u00a0\u00bb4.17.4&Prime; _module_preset=\u00a0\u00bbdefault\u00a0\u00bb custom_padding=\u00a0\u00bb0px|0px|0px|0px|true|true\u00a0\u00bb global_colors_info=\u00a0\u00bb{}\u00a0\u00bb][et_pb_row use_custom_gutter=\u00a0\u00bbon\u00a0\u00bb gutter_width=\u00a0\u00bb1&Prime; _builder_version=\u00a0\u00bb4.16&Prime; _module_preset=\u00a0\u00bbdefault\u00a0\u00bb width=\u00a0\u00bb100%\u00a0\u00bb max_width=\u00a0\u00bb100%\u00a0\u00bb custom_margin=\u00a0\u00bb0px|0px|0px|0px|true|true\u00a0\u00bb custom_padding=\u00a0\u00bb0px|0px|0px|0px|true|true\u00a0\u00bb global_colors_info=\u00a0\u00bb{}\u00a0\u00bb][et_pb_column type=\u00a0\u00bb4_4&Prime; _builder_version=\u00a0\u00bb4.16&Prime; _module_preset=\u00a0\u00bbdefault\u00a0\u00bb custom_padding=\u00a0\u00bb0px|0px|0px|0px|false|false\u00a0\u00bb global_colors_info=\u00a0\u00bb{}\u00a0\u00bb][et_pb_gallery gallery_ids=\u00a0\u00bb33091,32816,32834&Prime; fullwidth=\u00a0\u00bbon\u00a0\u00bb module_class=\u00a0\u00bbdiapo_banner et_slider_auto_ignore_hover\u00a0\u00bb _builder_version=\u00a0\u00bb4.27.4&Prime; _module_preset=\u00a0\u00bbdefault\u00a0\u00bb background_color=\u00a0\u00bbgcid-28d0b888-52df-4db2-b53b-330af6b7d230&Prime; width=\u00a0\u00bb100%\u00a0\u00bb max_width=\u00a0\u00bb100%\u00a0\u00bb height=\u00a0\u00bb50vw\u00a0\u00bb custom_margin=\u00a0\u00bb0px|0px|0px|0px|true|true\u00a0\u00bb custom_padding=\u00a0\u00bb0px|0px|0px|0px|true|true\u00a0\u00bb auto=\u00a0\u00bbon\u00a0\u00bb auto_speed=\u00a0\u00bb4600&Prime; global_colors_info=\u00a0\u00bb{%22gcid-28d0b888-52df-4db2-b53b-330af6b7d230%22:%91%22background_color%22%93}\u00a0\u00bb][\/et_pb_gallery][\/et_pb_column][\/et_pb_row][\/et_pb_section][et_pb_section fb_built=\u00a0\u00bb1&Prime; _builder_version=\u00a0\u00bb4.16&Prime; _module_preset=\u00a0\u00bbdefault\u00a0\u00bb custom_padding=\u00a0\u00bb3vh||3vh||true|false\u00a0\u00bb global_colors_info=\u00a0\u00bb{}\u00a0\u00bb][et_pb_row _builder_version=\u00a0\u00bb4.16&Prime; _module_preset=\u00a0\u00bbdefault\u00a0\u00bb global_colors_info=\u00a0\u00bb{}\u00a0\u00bb][et_pb_column type=\u00a0\u00bb4_4&Prime; _builder_version=\u00a0\u00bb4.16&Prime; _module_preset=\u00a0\u00bbdefault\u00a0\u00bb global_colors_info=\u00a0\u00bb{}\u00a0\u00bb][et_pb_text module_class=\u00a0\u00bbmain_title\u00a0\u00bb _builder_version=\u00a0\u00bb4.16&Prime; _dynamic_attributes=\u00a0\u00bbcontent\u00a0\u00bb _module_preset=\u00a0\u00bbdefault\u00a0\u00bb text_font=\u00a0\u00bb|600||on|||||\u00a0\u00bb text_text_color=\u00a0\u00bbgcid-28d0b888-52df-4db2-b53b-330af6b7d230&Prime; text_font_size=\u00a0\u00bb70px\u00a0\u00bb text_line_height=\u00a0\u00bb0.9em\u00a0\u00bb text_orientation=\u00a0\u00bbcenter\u00a0\u00bb module_alignment=\u00a0\u00bbcenter\u00a0\u00bb text_font_size_tablet=\u00a0\u00bb65px\u00a0\u00bb text_font_size_phone=\u00a0\u00bb35px\u00a0\u00bb text_font_size_last_edited=\u00a0\u00bbon|tablet\u00a0\u00bb locked=\u00a0\u00bboff\u00a0\u00bb global_colors_info=\u00a0\u00bb{%22gcid-28d0b888-52df-4db2-b53b-330af6b7d230%22:%91%22text_text_color%22%93}\u00a0\u00bb]@ET-DC@eyJkeW5hbWljIjp0cnVlLCJjb250ZW50IjoicG9zdF90aXRsZSIsInNldHRpbmdzIjp7ImJlZm9yZSI6IiIsImFmdGVyIjoiIn19@[\/et_pb_text][\/et_pb_column][\/et_pb_row][\/et_pb_section][et_pb_section fb_built=\u00a0\u00bb1&Prime; _builder_version=\u00a0\u00bb4.16&Prime; transparent_background=\u00a0\u00bboff\u00a0\u00bb make_fullwidth=\u00a0\u00bboff\u00a0\u00bb use_custom_width=\u00a0\u00bboff\u00a0\u00bb width_unit=\u00a0\u00bboff\u00a0\u00bb custom_width_px=\u00a0\u00bb1080px\u00a0\u00bb custom_width_percent=\u00a0\u00bb80%\u00a0\u00bb global_colors_info=\u00a0\u00bb{}\u00a0\u00bb][et_pb_row use_custom_gutter=\u00a0\u00bbon\u00a0\u00bb module_class=\u00a0\u00bb et_pb_row_fullwidth\u00a0\u00bb _builder_version=\u00a0\u00bb4.16&Prime; background_size=\u00a0\u00bbinitial\u00a0\u00bb background_position=\u00a0\u00bbtop_left\u00a0\u00bb background_repeat=\u00a0\u00bbrepeat\u00a0\u00bb width=\u00a0\u00bb89%\u00a0\u00bb width_tablet=\u00a0\u00bb80%\u00a0\u00bb width_phone=\u00a0\u00bb80%\u00a0\u00bb width_last_edited=\u00a0\u00bbon|desktop\u00a0\u00bb max_width=\u00a0\u00bb89%\u00a0\u00bb max_width_tablet=\u00a0\u00bb80%\u00a0\u00bb max_width_phone=\u00a0\u00bb80%\u00a0\u00bb max_width_last_edited=\u00a0\u00bbon|desktop\u00a0\u00bb custom_padding=\u00a0\u00bb0px|0px|0px|0px\u00a0\u00bb make_fullwidth=\u00a0\u00bbon\u00a0\u00bb use_custom_width=\u00a0\u00bboff\u00a0\u00bb width_unit=\u00a0\u00bboff\u00a0\u00bb custom_width_px=\u00a0\u00bb1080px\u00a0\u00bb custom_width_percent=\u00a0\u00bb80%\u00a0\u00bb global_colors_info=\u00a0\u00bb{}\u00a0\u00bb][et_pb_column type=\u00a0\u00bb4_4&Prime; _builder_version=\u00a0\u00bb4.16&Prime; custom_padding=\u00a0\u00bb|||\u00a0\u00bb global_colors_info=\u00a0\u00bb{}\u00a0\u00bb custom_padding__hover=\u00a0\u00bb|||\u00a0\u00bb][et_pb_blog fullwidth=\u00a0\u00bboff\u00a0\u00bb posts_number=\u00a0\u00bb6&Prime; meta_date=\u00a0\u00bb F Y\u00a0\u00bb excerpt_length=\u00a0\u00bb30&Prime; show_more=\u00a0\u00bbon\u00a0\u00bb show_author=\u00a0\u00bboff\u00a0\u00bb show_categories=\u00a0\u00bboff\u00a0\u00bb _builder_version=\u00a0\u00bb4.17.4&Prime; header_font=\u00a0\u00bb|700||||on|||\u00a0\u00bb header_text_color=\u00a0\u00bb#1c2b6e\u00a0\u00bb body_line_height=\u00a0\u00bb1.15em\u00a0\u00bb read_more_font=\u00a0\u00bb||||on||||solid\u00a0\u00bb use_border_color=\u00a0\u00bboff\u00a0\u00bb border_color=\u00a0\u00bb#ffffff\u00a0\u00bb border_width=\u00a0\u00bb1px\u00a0\u00bb border_style=\u00a0\u00bbsolid\u00a0\u00bb use_dropshadow=\u00a0\u00bboff\u00a0\u00bb global_colors_info=\u00a0\u00bb{}\u00a0\u00bb][\/et_pb_blog][\/et_pb_column][\/et_pb_row][et_pb_row _builder_version=\u00a0\u00bb4.27.4&Prime; _module_preset=\u00a0\u00bbdefault\u00a0\u00bb global_colors_info=\u00a0\u00bb{}\u00a0\u00bb][et_pb_column type=\u00a0\u00bb4_4&Prime; _builder_version=\u00a0\u00bb4.27.4&Prime; _module_preset=\u00a0\u00bbdefault\u00a0\u00bb global_colors_info=\u00a0\u00bb{}\u00a0\u00bb][et_pb_text _builder_version=\u00a0\u00bb4.27.4&Prime; _module_preset=\u00a0\u00bbdefault\u00a0\u00bb hover_enabled=\u00a0\u00bb0&Prime; global_colors_info=\u00a0\u00bb{}\u00a0\u00bb sticky_enabled=\u00a0\u00bb0&Prime;][\/et_pb_text][\/et_pb_column][\/et_pb_row][\/et_pb_section][et_pb_section fb_built=\u00a0\u00bb1&Prime; _builder_version=\u00a0\u00bb4.16&Prime; transparent_background=\u00a0\u00bboff\u00a0\u00bb make_fullwidth=\u00a0\u00bboff\u00a0\u00bb use_custom_width=\u00a0\u00bboff\u00a0\u00bb width_unit=\u00a0\u00bboff\u00a0\u00bb custom_width_px=\u00a0\u00bb1080px\u00a0\u00bb custom_width_percent=\u00a0\u00bb80%\u00a0\u00bb global_colors_info=\u00a0\u00bb{}\u00a0\u00bb][\/et_pb_section]<\/p>\n","protected":false},"excerpt":{"rendered":"","protected":false},"author":1,"featured_media":0,"parent":0,"menu_order":0,"comment_status":"closed","ping_status":"closed","template":"","meta":{"_et_pb_use_builder":"on","_et_pb_old_content":"","_et_gb_content_width":"","footnotes":""},"folder":[],"class_list":["post-43","page","type-page","status-publish","hentry"],"yoast_head":"<!-- This site is optimized with the Yoast SEO plugin v27.5 - https:\/\/yoast.com\/product\/yoast-seo-wordpress\/ -->\n<title>R\u00e9alisations - Constructions Tubulaires TECH SA - Location de tentes et installations \u00e9v\u00e8nementielles<\/title>\n<meta name=\"description\" content=\"Depuis 1936, Constructions Tubulaires TECH SA - Location de tentes et installations \u00e9v\u00e8nementielles est l\u2019acteur incontournable en Suisse romande, dans le monde des tentes et des structures \u00e9ph\u00e9m\u00e8res.\" \/>\n<meta name=\"robots\" content=\"index, follow, max-snippet:-1, max-image-preview:large, max-video-preview:-1\" \/>\n<link rel=\"canonical\" href=\"https:\/\/www.ct-tech.ch\/en_us\/realisations\/\" \/>\n<meta property=\"og:locale\" content=\"en_US\" \/>\n<meta property=\"og:type\" content=\"article\" \/>\n<meta property=\"og:title\" content=\"R\u00e9alisations - Constructions Tubulaires TECH SA - Location de tentes et installations \u00e9v\u00e8nementielles\" \/>\n<meta property=\"og:description\" content=\"Depuis 1936, Constructions Tubulaires TECH SA - Location de tentes et installations \u00e9v\u00e8nementielles est l\u2019acteur incontournable en Suisse romande, dans le monde des tentes et des structures \u00e9ph\u00e9m\u00e8res.\" \/>\n<meta property=\"og:url\" content=\"https:\/\/www.ct-tech.ch\/en_us\/realisations\/\" \/>\n<meta property=\"og:site_name\" content=\"Constructions Tubulaires TECH SA - Location de tentes et installations \u00e9v\u00e8nementielles\" \/>\n<meta property=\"article:modified_time\" content=\"2025-08-20T07:39:58+00:00\" \/>\n<meta name=\"twitter:card\" content=\"summary_large_image\" \/>\n<meta name=\"twitter:label1\" content=\"Est. reading time\" \/>\n\t<meta name=\"twitter:data1\" content=\"1 minute\" \/>\n<script type=\"application\/ld+json\" class=\"yoast-schema-graph\">{\"@context\":\"https:\\\/\\\/schema.org\",\"@graph\":[{\"@type\":\"WebPage\",\"@id\":\"https:\\\/\\\/www.ct-tech.ch\\\/fr_fr\\\/realisations\\\/\",\"url\":\"https:\\\/\\\/www.ct-tech.ch\\\/fr_fr\\\/realisations\\\/\",\"name\":\"R\u00e9alisations - Constructions Tubulaires TECH SA - Location de tentes et installations \u00e9v\u00e8nementielles\",\"isPartOf\":{\"@id\":\"https:\\\/\\\/www.ct-tech.ch\\\/fr_fr\\\/#website\"},\"datePublished\":\"2017-02-16T08:17:00+00:00\",\"dateModified\":\"2025-08-20T07:39:58+00:00\",\"description\":\"Depuis 1936, Constructions Tubulaires TECH SA - Location de tentes et installations \u00e9v\u00e8nementielles est l\u2019acteur incontournable en Suisse romande, dans le monde des tentes et des structures \u00e9ph\u00e9m\u00e8res.\",\"breadcrumb\":{\"@id\":\"https:\\\/\\\/www.ct-tech.ch\\\/fr_fr\\\/realisations\\\/#breadcrumb\"},\"inLanguage\":\"en-US\",\"potentialAction\":[{\"@type\":\"ReadAction\",\"target\":[\"https:\\\/\\\/www.ct-tech.ch\\\/fr_fr\\\/realisations\\\/\"]}]},{\"@type\":\"BreadcrumbList\",\"@id\":\"https:\\\/\\\/www.ct-tech.ch\\\/fr_fr\\\/realisations\\\/#breadcrumb\",\"itemListElement\":[{\"@type\":\"ListItem\",\"position\":1,\"name\":\"Accueil\",\"item\":\"https:\\\/\\\/www.ct-tech.ch\\\/\"},{\"@type\":\"ListItem\",\"position\":2,\"name\":\"R\u00e9alisations\"}]},{\"@type\":\"WebSite\",\"@id\":\"https:\\\/\\\/www.ct-tech.ch\\\/fr_fr\\\/#website\",\"url\":\"https:\\\/\\\/www.ct-tech.ch\\\/fr_fr\\\/\",\"name\":\"CTTECH\",\"description\":\"Osez la f\u00eate en grand !\",\"publisher\":{\"@id\":\"https:\\\/\\\/www.ct-tech.ch\\\/fr_fr\\\/#organization\"},\"potentialAction\":[{\"@type\":\"SearchAction\",\"target\":{\"@type\":\"EntryPoint\",\"urlTemplate\":\"https:\\\/\\\/www.ct-tech.ch\\\/fr_fr\\\/?s={search_term_string}\"},\"query-input\":{\"@type\":\"PropertyValueSpecification\",\"valueRequired\":true,\"valueName\":\"search_term_string\"}}],\"inLanguage\":\"en-US\"},{\"@type\":\"Organization\",\"@id\":\"https:\\\/\\\/www.ct-tech.ch\\\/fr_fr\\\/#organization\",\"name\":\"Constructions Tubulaires TECH SA\",\"url\":\"https:\\\/\\\/www.ct-tech.ch\\\/fr_fr\\\/\",\"logo\":{\"@type\":\"ImageObject\",\"inLanguage\":\"en-US\",\"@id\":\"https:\\\/\\\/www.ct-tech.ch\\\/fr_fr\\\/#\\\/schema\\\/logo\\\/image\\\/\",\"url\":\"https:\\\/\\\/www.ct-tech.ch\\\/wp-content\\\/uploads\\\/2024\\\/04\\\/Logo-ct-tech-plus-epais.jpg\",\"contentUrl\":\"https:\\\/\\\/www.ct-tech.ch\\\/wp-content\\\/uploads\\\/2024\\\/04\\\/Logo-ct-tech-plus-epais.jpg\",\"width\":1024,\"height\":203,\"caption\":\"Constructions Tubulaires TECH SA\"},\"image\":{\"@id\":\"https:\\\/\\\/www.ct-tech.ch\\\/fr_fr\\\/#\\\/schema\\\/logo\\\/image\\\/\"}}]}<\/script>\n<!-- \/ Yoast SEO plugin. -->","yoast_head_json":{"title":"R\u00e9alisations - Constructions Tubulaires TECH SA - Location de tentes et installations \u00e9v\u00e8nementielles","description":"Depuis 1936, Constructions Tubulaires TECH SA - Location de tentes et installations \u00e9v\u00e8nementielles est l\u2019acteur incontournable en Suisse romande, dans le monde des tentes et des structures \u00e9ph\u00e9m\u00e8res.","robots":{"index":"index","follow":"follow","max-snippet":"max-snippet:-1","max-image-preview":"max-image-preview:large","max-video-preview":"max-video-preview:-1"},"canonical":"https:\/\/www.ct-tech.ch\/en_us\/realisations\/","og_locale":"en_US","og_type":"article","og_title":"R\u00e9alisations - Constructions Tubulaires TECH SA - Location de tentes et installations \u00e9v\u00e8nementielles","og_description":"Depuis 1936, Constructions Tubulaires TECH SA - Location de tentes et installations \u00e9v\u00e8nementielles est l\u2019acteur incontournable en Suisse romande, dans le monde des tentes et des structures \u00e9ph\u00e9m\u00e8res.","og_url":"https:\/\/www.ct-tech.ch\/en_us\/realisations\/","og_site_name":"Constructions Tubulaires TECH SA - Location de tentes et installations \u00e9v\u00e8nementielles","article_modified_time":"2025-08-20T07:39:58+00:00","twitter_card":"summary_large_image","twitter_misc":{"Est. reading time":"1 minute"},"schema":{"@context":"https:\/\/schema.org","@graph":[{"@type":"WebPage","@id":"https:\/\/www.ct-tech.ch\/fr_fr\/realisations\/","url":"https:\/\/www.ct-tech.ch\/fr_fr\/realisations\/","name":"R\u00e9alisations - Constructions Tubulaires TECH SA - Location de tentes et installations \u00e9v\u00e8nementielles","isPartOf":{"@id":"https:\/\/www.ct-tech.ch\/fr_fr\/#website"},"datePublished":"2017-02-16T08:17:00+00:00","dateModified":"2025-08-20T07:39:58+00:00","description":"Depuis 1936, Constructions Tubulaires TECH SA - Location de tentes et installations \u00e9v\u00e8nementielles est l\u2019acteur incontournable en Suisse romande, dans le monde des tentes et des structures \u00e9ph\u00e9m\u00e8res.","breadcrumb":{"@id":"https:\/\/www.ct-tech.ch\/fr_fr\/realisations\/#breadcrumb"},"inLanguage":"en-US","potentialAction":[{"@type":"ReadAction","target":["https:\/\/www.ct-tech.ch\/fr_fr\/realisations\/"]}]},{"@type":"BreadcrumbList","@id":"https:\/\/www.ct-tech.ch\/fr_fr\/realisations\/#breadcrumb","itemListElement":[{"@type":"ListItem","position":1,"name":"Accueil","item":"https:\/\/www.ct-tech.ch\/"},{"@type":"ListItem","position":2,"name":"R\u00e9alisations"}]},{"@type":"WebSite","@id":"https:\/\/www.ct-tech.ch\/fr_fr\/#website","url":"https:\/\/www.ct-tech.ch\/fr_fr\/","name":"CTTECH","description":"Osez la f\u00eate en grand !","publisher":{"@id":"https:\/\/www.ct-tech.ch\/fr_fr\/#organization"},"potentialAction":[{"@type":"SearchAction","target":{"@type":"EntryPoint","urlTemplate":"https:\/\/www.ct-tech.ch\/fr_fr\/?s={search_term_string}"},"query-input":{"@type":"PropertyValueSpecification","valueRequired":true,"valueName":"search_term_string"}}],"inLanguage":"en-US"},{"@type":"Organization","@id":"https:\/\/www.ct-tech.ch\/fr_fr\/#organization","name":"Constructions Tubulaires TECH SA","url":"https:\/\/www.ct-tech.ch\/fr_fr\/","logo":{"@type":"ImageObject","inLanguage":"en-US","@id":"https:\/\/www.ct-tech.ch\/fr_fr\/#\/schema\/logo\/image\/","url":"https:\/\/www.ct-tech.ch\/wp-content\/uploads\/2024\/04\/Logo-ct-tech-plus-epais.jpg","contentUrl":"https:\/\/www.ct-tech.ch\/wp-content\/uploads\/2024\/04\/Logo-ct-tech-plus-epais.jpg","width":1024,"height":203,"caption":"Constructions Tubulaires TECH SA"},"image":{"@id":"https:\/\/www.ct-tech.ch\/fr_fr\/#\/schema\/logo\/image\/"}}]}},"_links":{"self":[{"href":"https:\/\/www.ct-tech.ch\/en_us\/wp-json\/wp\/v2\/pages\/43","targetHints":{"allow":["GET"]}}],"collection":[{"href":"https:\/\/www.ct-tech.ch\/en_us\/wp-json\/wp\/v2\/pages"}],"about":[{"href":"https:\/\/www.ct-tech.ch\/en_us\/wp-json\/wp\/v2\/types\/page"}],"author":[{"embeddable":true,"href":"https:\/\/www.ct-tech.ch\/en_us\/wp-json\/wp\/v2\/users\/1"}],"replies":[{"embeddable":true,"href":"https:\/\/www.ct-tech.ch\/en_us\/wp-json\/wp\/v2\/comments?post=43"}],"version-history":[{"count":30,"href":"https:\/\/www.ct-tech.ch\/en_us\/wp-json\/wp\/v2\/pages\/43\/revisions"}],"predecessor-version":[{"id":37983,"href":"https:\/\/www.ct-tech.ch\/en_us\/wp-json\/wp\/v2\/pages\/43\/revisions\/37983"}],"wp:attachment":[{"href":"https:\/\/www.ct-tech.ch\/en_us\/wp-json\/wp\/v2\/media?parent=43"}],"wp:term":[{"taxonomy":"folder","embeddable":true,"href":"https:\/\/www.ct-tech.ch\/en_us\/wp-json\/wp\/v2\/folder?post=43"}],"curies":[{"name":"wp","href":"https:\/\/api.w.org\/{rel}","templated":true}]}}