{"id":39,"date":"2017-02-16T09:16:01","date_gmt":"2017-02-16T08:16:01","guid":{"rendered":"http:\/\/mxajfmgl.preview.infomaniak.website\/?page_id=39"},"modified":"2025-03-24T15:53:39","modified_gmt":"2025-03-24T14:53:39","slug":"tente-stretch","status":"publish","type":"page","link":"https:\/\/www.ct-tech.ch\/en_us\/tente-stretch\/","title":{"rendered":"Stretch Tent"},"content":{"rendered":"<p>[et_pb_section fb_built=\u00a0\u00bb1&Prime; admin_label=\u00a0\u00bbBanni\u00e8re\u00a0\u00bb _builder_version=\u00a0\u00bb4.17.4&Prime; _module_preset=\u00a0\u00bbdefault\u00a0\u00bb custom_padding=\u00a0\u00bb0px|0px|0px|0px|true|true\u00a0\u00bb global_colors_info=\u00a0\u00bb{}\u00a0\u00bb][et_pb_row use_custom_gutter=\u00a0\u00bbon\u00a0\u00bb gutter_width=\u00a0\u00bb1&Prime; _builder_version=\u00a0\u00bb4.16&Prime; _module_preset=\u00a0\u00bbdefault\u00a0\u00bb width=\u00a0\u00bb100%\u00a0\u00bb max_width=\u00a0\u00bb100%\u00a0\u00bb custom_margin=\u00a0\u00bb0px|0px|0px|0px|true|true\u00a0\u00bb custom_padding=\u00a0\u00bb0px|0px|0px|0px|true|true\u00a0\u00bb global_colors_info=\u00a0\u00bb{}\u00a0\u00bb][et_pb_column type=\u00a0\u00bb4_4&Prime; _builder_version=\u00a0\u00bb4.16&Prime; _module_preset=\u00a0\u00bbdefault\u00a0\u00bb custom_padding=\u00a0\u00bb0px|0px|0px|0px|false|false\u00a0\u00bb global_colors_info=\u00a0\u00bb{}\u00a0\u00bb][et_pb_gallery gallery_ids=\u00a0\u00bb33114,32834,32815,35228,32817&Prime; fullwidth=\u00a0\u00bbon\u00a0\u00bb module_class=\u00a0\u00bbdiapo_banner et_slider_auto_ignore_hover\u00a0\u00bb _builder_version=\u00a0\u00bb4.17.4&Prime; _module_preset=\u00a0\u00bbdefault\u00a0\u00bb background_color=\u00a0\u00bbgcid-28d0b888-52df-4db2-b53b-330af6b7d230&Prime; width=\u00a0\u00bb100%\u00a0\u00bb max_width=\u00a0\u00bb100%\u00a0\u00bb height=\u00a0\u00bb50vw\u00a0\u00bb custom_margin=\u00a0\u00bb0px|0px|0px|0px|true|true\u00a0\u00bb custom_padding=\u00a0\u00bb0px|0px|0px|0px|true|true\u00a0\u00bb auto=\u00a0\u00bbon\u00a0\u00bb auto_speed=\u00a0\u00bb4600&Prime; global_colors_info=\u00a0\u00bb{%22gcid-28d0b888-52df-4db2-b53b-330af6b7d230%22:%91%22background_color%22%93}\u00a0\u00bb][\/et_pb_gallery][\/et_pb_column][\/et_pb_row][\/et_pb_section][et_pb_section fb_built=\u00a0\u00bb1&Prime; _builder_version=\u00a0\u00bb4.16&Prime; _module_preset=\u00a0\u00bbdefault\u00a0\u00bb custom_padding=\u00a0\u00bb3vh||3vh||true|false\u00a0\u00bb custom_css_main_element=\u00a0\u00bbdisplay:none;\u00a0\u00bb collapsed=\u00a0\u00bbon\u00a0\u00bb global_colors_info=\u00a0\u00bb{}\u00a0\u00bb][et_pb_row _builder_version=\u00a0\u00bb4.16&Prime; _module_preset=\u00a0\u00bbdefault\u00a0\u00bb global_colors_info=\u00a0\u00bb{}\u00a0\u00bb][et_pb_column type=\u00a0\u00bb4_4&Prime; _builder_version=\u00a0\u00bb4.16&Prime; _module_preset=\u00a0\u00bbdefault\u00a0\u00bb global_colors_info=\u00a0\u00bb{}\u00a0\u00bb][et_pb_text module_class=\u00a0\u00bbmain_title\u00a0\u00bb _builder_version=\u00a0\u00bb4.16&Prime; _dynamic_attributes=\u00a0\u00bbcontent\u00a0\u00bb _module_preset=\u00a0\u00bbdefault\u00a0\u00bb text_font=\u00a0\u00bb|600||on|||||\u00a0\u00bb text_text_color=\u00a0\u00bbgcid-28d0b888-52df-4db2-b53b-330af6b7d230&Prime; text_font_size=\u00a0\u00bb70px\u00a0\u00bb text_line_height=\u00a0\u00bb0.9em\u00a0\u00bb text_orientation=\u00a0\u00bbcenter\u00a0\u00bb module_alignment=\u00a0\u00bbcenter\u00a0\u00bb text_font_size_tablet=\u00a0\u00bb65px\u00a0\u00bb text_font_size_phone=\u00a0\u00bb35px\u00a0\u00bb text_font_size_last_edited=\u00a0\u00bbon|tablet\u00a0\u00bb locked=\u00a0\u00bboff\u00a0\u00bb global_colors_info=\u00a0\u00bb{%22gcid-28d0b888-52df-4db2-b53b-330af6b7d230%22:%91%22text_text_color%22%93}\u00a0\u00bb]@ET-DC@eyJkeW5hbWljIjp0cnVlLCJjb250ZW50IjoicG9zdF90aXRsZSIsInNldHRpbmdzIjp7ImJlZm9yZSI6IiIsImFmdGVyIjoiIn19@[\/et_pb_text][\/et_pb_column][\/et_pb_row][\/et_pb_section][et_pb_section fb_built=\u00a0\u00bb1&Prime; admin_label=\u00a0\u00bbStretch\u00a0\u00bb _builder_version=\u00a0\u00bb4.16&Prime; _module_preset=\u00a0\u00bbdefault\u00a0\u00bb custom_padding=\u00a0\u00bb0px||0px||true|false\u00a0\u00bb collapsed=\u00a0\u00bbon\u00a0\u00bb global_colors_info=\u00a0\u00bb{}\u00a0\u00bb][et_pb_row _builder_version=\u00a0\u00bb4.16&Prime; _module_preset=\u00a0\u00bbdefault\u00a0\u00bb custom_padding=\u00a0\u00bb||0px||false|false\u00a0\u00bb collapsed=\u00a0\u00bbon\u00a0\u00bb global_colors_info=\u00a0\u00bb{}\u00a0\u00bb][et_pb_column type=\u00a0\u00bb4_4&Prime; _builder_version=\u00a0\u00bb4.16&Prime; _module_preset=\u00a0\u00bbdefault\u00a0\u00bb global_colors_info=\u00a0\u00bb{}\u00a0\u00bb][et_pb_divider show_divider=\u00a0\u00bboff\u00a0\u00bb disabled_on=\u00a0\u00bbon|on|off\u00a0\u00bb _builder_version=\u00a0\u00bb4.16&Prime; _module_preset=\u00a0\u00bbdefault\u00a0\u00bb custom_margin=\u00a0\u00bb2.75%||0px||false|false\u00a0\u00bb global_colors_info=\u00a0\u00bb{}\u00a0\u00bb][\/et_pb_divider][et_pb_text module_id=\u00a0\u00bbgarden-cottage\u00a0\u00bb module_class=\u00a0\u00bbdescription_tente\u00a0\u00bb _builder_version=\u00a0\u00bb4.16&Prime; _module_preset=\u00a0\u00bbdefault\u00a0\u00bb header_font=\u00a0\u00bb|700||||on|||\u00a0\u00bb header_text_align=\u00a0\u00bbcenter\u00a0\u00bb header_font_size=\u00a0\u00bb4em\u00a0\u00bb header_font_size_tablet=\u00a0\u00bb3.4em\u00a0\u00bb header_font_size_phone=\u00a0\u00bb2em\u00a0\u00bb header_font_size_last_edited=\u00a0\u00bbon|phone\u00a0\u00bb global_colors_info=\u00a0\u00bb{}\u00a0\u00bb]<\/p>\n<h1>Stretch<\/h1>\n<p>[\/et_pb_text][\/et_pb_column][\/et_pb_row][et_pb_row column_structure=\u00a0\u00bb2_3,1_3&Prime; use_custom_gutter=\u00a0\u00bbon\u00a0\u00bb gutter_width=\u00a0\u00bb1&Prime; make_equal=\u00a0\u00bbon\u00a0\u00bb custom_padding_last_edited=\u00a0\u00bbon|phone\u00a0\u00bb admin_label=\u00a0\u00bbrow\u00a0\u00bb module_class=\u00a0\u00bb et_pb_row_fullwidth\u00a0\u00bb _builder_version=\u00a0\u00bb4.16&Prime; background_size=\u00a0\u00bbinitial\u00a0\u00bb background_position=\u00a0\u00bbtop_left\u00a0\u00bb background_repeat=\u00a0\u00bbrepeat\u00a0\u00bb width=\u00a0\u00bb100%\u00a0\u00bb max_width=\u00a0\u00bb100%\u00a0\u00bb max_width_tablet=\u00a0\u00bb100%\u00a0\u00bb max_width_phone=\u00a0\u00bb100%\u00a0\u00bb max_width_last_edited=\u00a0\u00bboff|tablet\u00a0\u00bb custom_padding=\u00a0\u00bb20px|20px|20px|20px|true|true\u00a0\u00bb custom_padding_tablet=\u00a0\u00bb20px|20px|20px|20px|true|true\u00a0\u00bb custom_padding_phone=\u00a0\u00bb|0px||0px|true|true\u00a0\u00bb custom_css_main_element=\u00a0\u00bbalign-items:center;\u00a0\u00bb make_fullwidth=\u00a0\u00bbon\u00a0\u00bb use_custom_width=\u00a0\u00bboff\u00a0\u00bb width_unit=\u00a0\u00bboff\u00a0\u00bb custom_width_px=\u00a0\u00bb1080px\u00a0\u00bb custom_width_percent=\u00a0\u00bb80%\u00a0\u00bb global_colors_info=\u00a0\u00bb{}\u00a0\u00bb custom_css_main_element_last_edited=\u00a0\u00bboff|desktop\u00a0\u00bb custom_css_main_element_tablet=\u00a0\u00bbdisplay: flex;||flex-direction: column-reverse;\u00a0\u00bb custom_css_main_element_phone=\u00a0\u00bbdisplay: flex;||flex-direction: column-reverse;\u00a0\u00bb][et_pb_column type=\u00a0\u00bb2_3&Prime; _builder_version=\u00a0\u00bb4.16&Prime; custom_padding=\u00a0\u00bb|||\u00a0\u00bb global_colors_info=\u00a0\u00bb{}\u00a0\u00bb custom_padding__hover=\u00a0\u00bb|||\u00a0\u00bb][et_pb_gallery gallery_ids=\u00a0\u00bb35008,35003,32775,32774,32789,32788,32787,32786,32779,32785,32784,32790,32783,32782,32781,32780,32778,32777,32776&Prime; module_class=\u00a0\u00bbdiapo-photo diapo_photo_tente\u00a0\u00bb _builder_version=\u00a0\u00bb4.17.4&Prime; _module_preset=\u00a0\u00bbe9a1ba21-ad19-4ff6-b19d-50ae2c4ebd19&Prime; min_height=\u00a0\u00bb100%\u00a0\u00bb custom_margin=\u00a0\u00bb|8%||8%|false|true\u00a0\u00bb custom_margin_tablet=\u00a0\u00bb|8%|5%|8%|false|true\u00a0\u00bb custom_margin_phone=\u00a0\u00bb|0%||0%|false|true\u00a0\u00bb custom_margin_last_edited=\u00a0\u00bbon|phone\u00a0\u00bb custom_padding=\u00a0\u00bb||0px|||\u00a0\u00bb global_colors_info=\u00a0\u00bb{}\u00a0\u00bb custom_css_main_element_last_edited=\u00a0\u00bboff|desktop\u00a0\u00bb custom_css_main_element_tablet=\u00a0\u00bbtransform: perspective(4500px) rotateY(0deg);\u00a0\u00bb custom_css_main_element_phone=\u00a0\u00bbtransform: perspective(4500px) rotateY(0deg);\u00a0\u00bb][\/et_pb_gallery][\/et_pb_column][et_pb_column type=\u00a0\u00bb1_3&Prime; _builder_version=\u00a0\u00bb4.16&Prime; custom_padding=\u00a0\u00bb||||false|false\u00a0\u00bb custom_css_main_element=\u00a0\u00bbbackground-color:#1c2b6e;||border-radius:20px;\u00a0\u00bb global_colors_info=\u00a0\u00bb{}\u00a0\u00bb custom_padding__hover=\u00a0\u00bb|||\u00a0\u00bb][et_pb_accordion _builder_version=\u00a0\u00bb4.27.4&Prime; _module_preset=\u00a0\u00bbdefault\u00a0\u00bb custom_margin=\u00a0\u00bb8px|8px|8px|8px|true|true\u00a0\u00bb hover_enabled=\u00a0\u00bb0&Prime; custom_css_toggle_title=\u00a0\u00bbcolor:#1c2b6e;||font-weight:bold;\u00a0\u00bb global_colors_info=\u00a0\u00bb{}\u00a0\u00bb sticky_enabled=\u00a0\u00bb0&Prime;][et_pb_accordion_item title=\u00a0\u00bbDescription\u00a0\u00bb _builder_version=\u00a0\u00bb4.17.4&Prime; _module_preset=\u00a0\u00bbdefault\u00a0\u00bb custom_css_main_element=\u00a0\u00bbbackground-color:white;||border-radius:20px;\u00a0\u00bb global_colors_info=\u00a0\u00bb{}\u00a0\u00bb open=\u00a0\u00bboff\u00a0\u00bb]<\/p>\n<p style=\"padding-left: 40px;\">Les tentes stretchs s&rsquo;adaptent totalement \u00e0 l&rsquo;environnement gr\u00e2ce \u00e0 une totale flexibilit\u00e9.<br \/>Elles sont le support incontournables des mariages , march\u00e9s, festivals, expo en pleine saison estivale.<br \/>Etudi\u00e9e pour un temps de montage minime , la stretch propose une finition haut de gamme.<br \/>Modulables entre elles , ces tentes dites nomades vous permettent de cr\u00e9er des exp\u00e9riences clients in\u00e9dites.<\/p>\n<p>[\/et_pb_accordion_item][et_pb_accordion_item title=\u00a0\u00bbDimensions disponibles\u00a0\u00bb _builder_version=\u00a0\u00bb4.17.4&Prime; _module_preset=\u00a0\u00bbdefault\u00a0\u00bb custom_css_main_element=\u00a0\u00bbbackground-color:white;||border-radius:20px;\u00a0\u00bb global_colors_info=\u00a0\u00bb{}\u00a0\u00bb open=\u00a0\u00bboff\u00a0\u00bb]<\/p>\n<p style=\"padding-left: 40px;\">10.0 x 15.0 m<br \/>15.0 x 15.0 m<br \/>15.0 x 20.0 m<br \/>15.0 x 25.0 m<\/p>\n<p>[\/et_pb_accordion_item][et_pb_accordion_item title=\u00a0\u00bbFiches techniques\u00a0\u00bb open=\u00a0\u00bbon\u00a0\u00bb _builder_version=\u00a0\u00bb4.27.4&Prime; _module_preset=\u00a0\u00bbdefault\u00a0\u00bb custom_margin=\u00a0\u00bb||||false|false\u00a0\u00bb hover_enabled=\u00a0\u00bb0&Prime; custom_css_main_element=\u00a0\u00bbbackground-color:white;||border-radius:20px;\u00a0\u00bb global_colors_info=\u00a0\u00bb{}\u00a0\u00bb sticky_enabled=\u00a0\u00bb0&Prime;]<\/p>\n<p style=\"padding-left: 40px;\"><a href=\"https:\/\/www.ct-tech.ch\/wp-content\/uploads\/2025\/03\/Fiche-commerciale-Stretch-10.0-x-15.0-m.pdf\" target=\"_blank\" rel=\"noopener\">10.0 x 15.0 m<\/a><br \/><a href=\"https:\/\/www.ct-tech.ch\/wp-content\/uploads\/2025\/03\/Fiche-commerciale-Stretch-15.0-x-15.0-m.pdf\" target=\"_blank\" rel=\"noopener\">15.0 x 15.0 m<\/a><br \/><a href=\"https:\/\/www.ct-tech.ch\/wp-content\/uploads\/2025\/03\/Fiche-commerciale-Stretch-15.0-x-20.0-m.pdf\" target=\"_blank\" rel=\"noopener\">15.0 x 20.0 m<\/a><br \/><a href=\"https:\/\/www.ct-tech.ch\/wp-content\/uploads\/2025\/03\/Fiche-commerciale-Stretch-15.0-x-25.0-.pdf\" target=\"_blank\" rel=\"noopener\">15.0 x 25.0 m<\/a><\/p>\n<p>[\/et_pb_accordion_item][\/et_pb_accordion][\/et_pb_column][\/et_pb_row][\/et_pb_section]<\/p>\n","protected":false},"excerpt":{"rendered":"<p>StretchLes tentes stretchs s&rsquo;adaptent totalement \u00e0 l&rsquo;environnement gr\u00e2ce \u00e0 une totale flexibilit\u00e9.Elles sont le support incontournables des mariages , march\u00e9s, festivals, expo en pleine saison estivale.Etudi\u00e9e pour un temps de montage minime , la stretch propose une finition haut de gamme.Modulables entre elles , ces tentes dites nomades vous permettent de cr\u00e9er des exp\u00e9riences clients [&hellip;]<\/p>\n","protected":false},"author":1,"featured_media":0,"parent":0,"menu_order":0,"comment_status":"closed","ping_status":"closed","template":"","meta":{"_et_pb_use_builder":"on","_et_pb_old_content":"","_et_gb_content_width":"","footnotes":""},"folder":[],"class_list":["post-39","page","type-page","status-publish","hentry"],"yoast_head":"<!-- This site is optimized with the Yoast SEO plugin v27.6 - https:\/\/yoast.com\/product\/yoast-seo-wordpress\/ -->\n<title>Tente Stretch - Constructions Tubulaires TECH SA - Location de tentes et installations \u00e9v\u00e8nementielles<\/title>\n<meta name=\"description\" content=\"Depuis 1936, Constructions Tubulaires TECH SA - Location de tentes et installations \u00e9v\u00e8nementielles est l\u2019acteur incontournable en Suisse romande, dans le monde des tentes et des structures \u00e9ph\u00e9m\u00e8res.\" \/>\n<meta name=\"robots\" content=\"index, follow, max-snippet:-1, max-image-preview:large, max-video-preview:-1\" \/>\n<link rel=\"canonical\" href=\"https:\/\/www.ct-tech.ch\/en_us\/tente-stretch\/\" \/>\n<meta property=\"og:locale\" content=\"en_US\" \/>\n<meta property=\"og:type\" content=\"article\" \/>\n<meta property=\"og:title\" content=\"Tente Stretch - Constructions Tubulaires TECH SA - Location de tentes et installations \u00e9v\u00e8nementielles\" \/>\n<meta property=\"og:description\" content=\"Depuis 1936, Constructions Tubulaires TECH SA - Location de tentes et installations \u00e9v\u00e8nementielles est l\u2019acteur incontournable en Suisse romande, dans le monde des tentes et des structures \u00e9ph\u00e9m\u00e8res.\" \/>\n<meta property=\"og:url\" content=\"https:\/\/www.ct-tech.ch\/en_us\/tente-stretch\/\" \/>\n<meta property=\"og:site_name\" content=\"Constructions Tubulaires TECH SA - Location de tentes et installations \u00e9v\u00e8nementielles\" \/>\n<meta property=\"article:modified_time\" content=\"2025-03-24T14:53:39+00:00\" \/>\n<meta name=\"twitter:card\" content=\"summary_large_image\" \/>\n<meta name=\"twitter:label1\" content=\"Est. reading time\" \/>\n\t<meta name=\"twitter:data1\" content=\"2 minutes\" \/>\n<script type=\"application\/ld+json\" class=\"yoast-schema-graph\">{\"@context\":\"https:\\\/\\\/schema.org\",\"@graph\":[{\"@type\":\"WebPage\",\"@id\":\"https:\\\/\\\/www.ct-tech.ch\\\/fr_fr\\\/tente-stretch\\\/\",\"url\":\"https:\\\/\\\/www.ct-tech.ch\\\/fr_fr\\\/tente-stretch\\\/\",\"name\":\"Tente Stretch - Constructions Tubulaires TECH SA - Location de tentes et installations \u00e9v\u00e8nementielles\",\"isPartOf\":{\"@id\":\"https:\\\/\\\/www.ct-tech.ch\\\/fr_fr\\\/#website\"},\"datePublished\":\"2017-02-16T08:16:01+00:00\",\"dateModified\":\"2025-03-24T14:53:39+00:00\",\"description\":\"Depuis 1936, Constructions Tubulaires TECH SA - Location de tentes et installations \u00e9v\u00e8nementielles est l\u2019acteur incontournable en Suisse romande, dans le monde des tentes et des structures \u00e9ph\u00e9m\u00e8res.\",\"breadcrumb\":{\"@id\":\"https:\\\/\\\/www.ct-tech.ch\\\/fr_fr\\\/tente-stretch\\\/#breadcrumb\"},\"inLanguage\":\"en-US\",\"potentialAction\":[{\"@type\":\"ReadAction\",\"target\":[\"https:\\\/\\\/www.ct-tech.ch\\\/fr_fr\\\/tente-stretch\\\/\"]}]},{\"@type\":\"BreadcrumbList\",\"@id\":\"https:\\\/\\\/www.ct-tech.ch\\\/fr_fr\\\/tente-stretch\\\/#breadcrumb\",\"itemListElement\":[{\"@type\":\"ListItem\",\"position\":1,\"name\":\"Accueil\",\"item\":\"https:\\\/\\\/www.ct-tech.ch\\\/\"},{\"@type\":\"ListItem\",\"position\":2,\"name\":\"Tente Stretch\"}]},{\"@type\":\"WebSite\",\"@id\":\"https:\\\/\\\/www.ct-tech.ch\\\/fr_fr\\\/#website\",\"url\":\"https:\\\/\\\/www.ct-tech.ch\\\/fr_fr\\\/\",\"name\":\"CTTECH\",\"description\":\"Osez la f\u00eate en grand !\",\"publisher\":{\"@id\":\"https:\\\/\\\/www.ct-tech.ch\\\/fr_fr\\\/#organization\"},\"potentialAction\":[{\"@type\":\"SearchAction\",\"target\":{\"@type\":\"EntryPoint\",\"urlTemplate\":\"https:\\\/\\\/www.ct-tech.ch\\\/fr_fr\\\/?s={search_term_string}\"},\"query-input\":{\"@type\":\"PropertyValueSpecification\",\"valueRequired\":true,\"valueName\":\"search_term_string\"}}],\"inLanguage\":\"en-US\"},{\"@type\":\"Organization\",\"@id\":\"https:\\\/\\\/www.ct-tech.ch\\\/fr_fr\\\/#organization\",\"name\":\"Constructions Tubulaires TECH SA\",\"url\":\"https:\\\/\\\/www.ct-tech.ch\\\/fr_fr\\\/\",\"logo\":{\"@type\":\"ImageObject\",\"inLanguage\":\"en-US\",\"@id\":\"https:\\\/\\\/www.ct-tech.ch\\\/fr_fr\\\/#\\\/schema\\\/logo\\\/image\\\/\",\"url\":\"https:\\\/\\\/www.ct-tech.ch\\\/wp-content\\\/uploads\\\/2024\\\/04\\\/Logo-ct-tech-plus-epais.jpg\",\"contentUrl\":\"https:\\\/\\\/www.ct-tech.ch\\\/wp-content\\\/uploads\\\/2024\\\/04\\\/Logo-ct-tech-plus-epais.jpg\",\"width\":1024,\"height\":203,\"caption\":\"Constructions Tubulaires TECH SA\"},\"image\":{\"@id\":\"https:\\\/\\\/www.ct-tech.ch\\\/fr_fr\\\/#\\\/schema\\\/logo\\\/image\\\/\"}}]}<\/script>\n<!-- \/ Yoast SEO plugin. -->","yoast_head_json":{"title":"Tente Stretch - Constructions Tubulaires TECH SA - Location de tentes et installations \u00e9v\u00e8nementielles","description":"Depuis 1936, Constructions Tubulaires TECH SA - Location de tentes et installations \u00e9v\u00e8nementielles est l\u2019acteur incontournable en Suisse romande, dans le monde des tentes et des structures \u00e9ph\u00e9m\u00e8res.","robots":{"index":"index","follow":"follow","max-snippet":"max-snippet:-1","max-image-preview":"max-image-preview:large","max-video-preview":"max-video-preview:-1"},"canonical":"https:\/\/www.ct-tech.ch\/en_us\/tente-stretch\/","og_locale":"en_US","og_type":"article","og_title":"Tente Stretch - Constructions Tubulaires TECH SA - Location de tentes et installations \u00e9v\u00e8nementielles","og_description":"Depuis 1936, Constructions Tubulaires TECH SA - Location de tentes et installations \u00e9v\u00e8nementielles est l\u2019acteur incontournable en Suisse romande, dans le monde des tentes et des structures \u00e9ph\u00e9m\u00e8res.","og_url":"https:\/\/www.ct-tech.ch\/en_us\/tente-stretch\/","og_site_name":"Constructions Tubulaires TECH SA - Location de tentes et installations \u00e9v\u00e8nementielles","article_modified_time":"2025-03-24T14:53:39+00:00","twitter_card":"summary_large_image","twitter_misc":{"Est. reading time":"2 minutes"},"schema":{"@context":"https:\/\/schema.org","@graph":[{"@type":"WebPage","@id":"https:\/\/www.ct-tech.ch\/fr_fr\/tente-stretch\/","url":"https:\/\/www.ct-tech.ch\/fr_fr\/tente-stretch\/","name":"Tente Stretch - Constructions Tubulaires TECH SA - Location de tentes et installations \u00e9v\u00e8nementielles","isPartOf":{"@id":"https:\/\/www.ct-tech.ch\/fr_fr\/#website"},"datePublished":"2017-02-16T08:16:01+00:00","dateModified":"2025-03-24T14:53:39+00:00","description":"Depuis 1936, Constructions Tubulaires TECH SA - Location de tentes et installations \u00e9v\u00e8nementielles est l\u2019acteur incontournable en Suisse romande, dans le monde des tentes et des structures \u00e9ph\u00e9m\u00e8res.","breadcrumb":{"@id":"https:\/\/www.ct-tech.ch\/fr_fr\/tente-stretch\/#breadcrumb"},"inLanguage":"en-US","potentialAction":[{"@type":"ReadAction","target":["https:\/\/www.ct-tech.ch\/fr_fr\/tente-stretch\/"]}]},{"@type":"BreadcrumbList","@id":"https:\/\/www.ct-tech.ch\/fr_fr\/tente-stretch\/#breadcrumb","itemListElement":[{"@type":"ListItem","position":1,"name":"Accueil","item":"https:\/\/www.ct-tech.ch\/"},{"@type":"ListItem","position":2,"name":"Tente Stretch"}]},{"@type":"WebSite","@id":"https:\/\/www.ct-tech.ch\/fr_fr\/#website","url":"https:\/\/www.ct-tech.ch\/fr_fr\/","name":"CTTECH","description":"Osez la f\u00eate en grand !","publisher":{"@id":"https:\/\/www.ct-tech.ch\/fr_fr\/#organization"},"potentialAction":[{"@type":"SearchAction","target":{"@type":"EntryPoint","urlTemplate":"https:\/\/www.ct-tech.ch\/fr_fr\/?s={search_term_string}"},"query-input":{"@type":"PropertyValueSpecification","valueRequired":true,"valueName":"search_term_string"}}],"inLanguage":"en-US"},{"@type":"Organization","@id":"https:\/\/www.ct-tech.ch\/fr_fr\/#organization","name":"Constructions Tubulaires TECH SA","url":"https:\/\/www.ct-tech.ch\/fr_fr\/","logo":{"@type":"ImageObject","inLanguage":"en-US","@id":"https:\/\/www.ct-tech.ch\/fr_fr\/#\/schema\/logo\/image\/","url":"https:\/\/www.ct-tech.ch\/wp-content\/uploads\/2024\/04\/Logo-ct-tech-plus-epais.jpg","contentUrl":"https:\/\/www.ct-tech.ch\/wp-content\/uploads\/2024\/04\/Logo-ct-tech-plus-epais.jpg","width":1024,"height":203,"caption":"Constructions Tubulaires TECH SA"},"image":{"@id":"https:\/\/www.ct-tech.ch\/fr_fr\/#\/schema\/logo\/image\/"}}]}},"_links":{"self":[{"href":"https:\/\/www.ct-tech.ch\/en_us\/wp-json\/wp\/v2\/pages\/39","targetHints":{"allow":["GET"]}}],"collection":[{"href":"https:\/\/www.ct-tech.ch\/en_us\/wp-json\/wp\/v2\/pages"}],"about":[{"href":"https:\/\/www.ct-tech.ch\/en_us\/wp-json\/wp\/v2\/types\/page"}],"author":[{"embeddable":true,"href":"https:\/\/www.ct-tech.ch\/en_us\/wp-json\/wp\/v2\/users\/1"}],"replies":[{"embeddable":true,"href":"https:\/\/www.ct-tech.ch\/en_us\/wp-json\/wp\/v2\/comments?post=39"}],"version-history":[{"count":55,"href":"https:\/\/www.ct-tech.ch\/en_us\/wp-json\/wp\/v2\/pages\/39\/revisions"}],"predecessor-version":[{"id":36623,"href":"https:\/\/www.ct-tech.ch\/en_us\/wp-json\/wp\/v2\/pages\/39\/revisions\/36623"}],"wp:attachment":[{"href":"https:\/\/www.ct-tech.ch\/en_us\/wp-json\/wp\/v2\/media?parent=39"}],"wp:term":[{"taxonomy":"folder","embeddable":true,"href":"https:\/\/www.ct-tech.ch\/en_us\/wp-json\/wp\/v2\/folder?post=39"}],"curies":[{"name":"wp","href":"https:\/\/api.w.org\/{rel}","templated":true}]}}